{"id":545,"date":"2024-05-06T13:31:44","date_gmt":"2024-05-06T13:31:44","guid":{"rendered":"https:\/\/restaurantedoria.es\/?post_type=product&#038;p=545"},"modified":"2024-05-06T13:53:06","modified_gmt":"2024-05-06T13:53:06","slug":"ensalada-gambas","status":"publish","type":"product","link":"https:\/\/restaurantedoria.es\/index.php\/product\/ensalada-gambas\/","title":{"rendered":"Ensalada Gambas"},"content":{"rendered":"<p>(Raci\u00f3n)<\/p>\n<p>Al\u00e9rgenos: Crust\u00e1ceos, Pescado, Huevos, Mostaza, Moluscos<\/p>\n","protected":false},"excerpt":{"rendered":"<p>(Raci\u00f3n) Al\u00e9rgenos: Crust\u00e1ceos, Pescado, Huevos, Mostaza, Moluscos<\/p>\n","protected":false},"featured_media":551,"comment_status":"open","ping_status":"closed","template":"","meta":{"_sitemap_exclude":false,"_sitemap_priority":"","_sitemap_frequency":"","_joinchat":[]},"product_brand":[],"product_cat":[53],"product_tag":[],"class_list":{"0":"post-545","1":"product","2":"type-product","3":"status-publish","4":"has-post-thumbnail","6":"product_cat-costillar","8":"first","9":"instock","10":"shipping-taxable","11":"purchasable","12":"product-type-simple"},"_links":{"self":[{"href":"https:\/\/restaurantedoria.es\/index.php\/wp-json\/wp\/v2\/product\/545","targetHints":{"allow":["GET"]}}],"collection":[{"href":"https:\/\/restaurantedoria.es\/index.php\/wp-json\/wp\/v2\/product"}],"about":[{"href":"https:\/\/restaurantedoria.es\/index.php\/wp-json\/wp\/v2\/types\/product"}],"replies":[{"embeddable":true,"href":"https:\/\/restaurantedoria.es\/index.php\/wp-json\/wp\/v2\/comments?post=545"}],"wp:featuredmedia":[{"embeddable":true,"href":"https:\/\/restaurantedoria.es\/index.php\/wp-json\/wp\/v2\/media\/551"}],"wp:attachment":[{"href":"https:\/\/restaurantedoria.es\/index.php\/wp-json\/wp\/v2\/media?parent=545"}],"wp:term":[{"taxonomy":"product_brand","embeddable":true,"href":"https:\/\/restaurantedoria.es\/index.php\/wp-json\/wp\/v2\/product_brand?post=545"},{"taxonomy":"product_cat","embeddable":true,"href":"https:\/\/restaurantedoria.es\/index.php\/wp-json\/wp\/v2\/product_cat?post=545"},{"taxonomy":"product_tag","embeddable":true,"href":"https:\/\/restaurantedoria.es\/index.php\/wp-json\/wp\/v2\/product_tag?post=545"}],"curies":[{"name":"wp","href":"https:\/\/api.w.org\/{rel}","templated":true}]}}