{"id":544,"date":"2024-05-06T13:31:40","date_gmt":"2024-05-06T13:31:40","guid":{"rendered":"https:\/\/restaurantedoria.es\/?post_type=product&#038;p=544"},"modified":"2024-05-06T13:52:53","modified_gmt":"2024-05-06T13:52:53","slug":"queso-frito-brie","status":"publish","type":"product","link":"https:\/\/restaurantedoria.es\/index.php\/product\/queso-frito-brie\/","title":{"rendered":"Queso Frito (Brie)"},"content":{"rendered":"<p>(Raci\u00f3n)<\/p>\n<p>Al\u00e9rgenos: Gluten, L\u00e1cteos.<\/p>\n","protected":false},"excerpt":{"rendered":"<p>(Raci\u00f3n) Al\u00e9rgenos: Gluten, L\u00e1cteos.<\/p>\n","protected":false},"featured_media":557,"comment_status":"open","ping_status":"closed","template":"","meta":{"_sitemap_exclude":false,"_sitemap_priority":"","_sitemap_frequency":"","_joinchat":[]},"product_brand":[],"product_cat":[53],"product_tag":[],"class_list":{"0":"post-544","1":"product","2":"type-product","3":"status-publish","4":"has-post-thumbnail","6":"product_cat-costillar","8":"first","9":"instock","10":"shipping-taxable","11":"purchasable","12":"product-type-simple"},"_links":{"self":[{"href":"https:\/\/restaurantedoria.es\/index.php\/wp-json\/wp\/v2\/product\/544","targetHints":{"allow":["GET"]}}],"collection":[{"href":"https:\/\/restaurantedoria.es\/index.php\/wp-json\/wp\/v2\/product"}],"about":[{"href":"https:\/\/restaurantedoria.es\/index.php\/wp-json\/wp\/v2\/types\/product"}],"replies":[{"embeddable":true,"href":"https:\/\/restaurantedoria.es\/index.php\/wp-json\/wp\/v2\/comments?post=544"}],"wp:featuredmedia":[{"embeddable":true,"href":"https:\/\/restaurantedoria.es\/index.php\/wp-json\/wp\/v2\/media\/557"}],"wp:attachment":[{"href":"https:\/\/restaurantedoria.es\/index.php\/wp-json\/wp\/v2\/media?parent=544"}],"wp:term":[{"taxonomy":"product_brand","embeddable":true,"href":"https:\/\/restaurantedoria.es\/index.php\/wp-json\/wp\/v2\/product_brand?post=544"},{"taxonomy":"product_cat","embeddable":true,"href":"https:\/\/restaurantedoria.es\/index.php\/wp-json\/wp\/v2\/product_cat?post=544"},{"taxonomy":"product_tag","embeddable":true,"href":"https:\/\/restaurantedoria.es\/index.php\/wp-json\/wp\/v2\/product_tag?post=544"}],"curies":[{"name":"wp","href":"https:\/\/api.w.org\/{rel}","templated":true}]}}