{"id":289,"date":"2024-01-15T09:18:55","date_gmt":"2024-01-15T09:18:55","guid":{"rendered":"https:\/\/restaurantedorian.es\/?page_id=289"},"modified":"2024-01-22T10:55:36","modified_gmt":"2024-01-22T10:55:36","slug":"sobre-nosotros","status":"publish","type":"page","link":"https:\/\/restaurantedoria.es\/index.php\/sobre-nosotros\/","title":{"rendered":"Sobre Nosotros"},"content":{"rendered":"\t\t<div data-elementor-type=\"wp-page\" data-elementor-id=\"289\" class=\"elementor elementor-289\">\n\t\t\t\t\t\t<section class=\"elementor-section elementor-top-section elementor-element elementor-element-5fe77c6 elementor-section-boxed elementor-section-height-default elementor-section-height-default\" data-id=\"5fe77c6\" data-element_type=\"section\" data-e-type=\"section\">\n\t\t\t\t\t\t<div class=\"elementor-container elementor-column-gap-default\">\n\t\t\t\t\t<div class=\"aux-parallax-section elementor-column elementor-col-100 elementor-top-column elementor-element elementor-element-5ee31d4\" data-id=\"5ee31d4\" data-element_type=\"column\" data-e-type=\"column\">\n\t\t\t<div class=\"elementor-widget-wrap elementor-element-populated\">\n\t\t\t\t\t\t<div class=\"elementor-element elementor-element-a2f799e elementor-widget elementor-widget-depicter_slider\" data-id=\"a2f799e\" data-element_type=\"widget\" data-e-type=\"widget\" data-widget_type=\"depicter_slider.default\">\n\t\t\t\t<div class=\"elementor-widget-container\">\n\t\t\t\t\t<style id=\"depicter-5-inline-pre-css\">\n\n.depicter-5:not(.depicter-ready){\n\theight:700px;\n}\n\n\/***** Tablet *****\/\n@media screen and (max-width: 1024px){\n\n.depicter-5:not(.depicter-ready){\n\theight:700px;\n}\n\n}\n\/***** Mobile *****\/\n@media screen and (max-width: 767px){\n\n.depicter-5:not(.depicter-ready){\n\theight:740px;\n}\n\n}\n<\/style>\n<div id=\"depicter-5\" class=\"depicter depicter-document depicter-revert depicter-5 depicter-layout-fullwidth\">\n\n<div class=\"depicter-loading-container depicter-loading dotFlashing-dark\"><div class=\"depicter-loading-dark depicter-dot-flashing\">\n   <span><\/span>\n   <span><\/span>\n   <span><\/span>\n<\/div>\n<\/div>\n<div id=\"depicter-5-section-1\" class=\"depicter-section depicter-5-section-1\" data-name=\"Section 1\" data-type=\"section\" data-local-id=\"section-1\">\n<picture class=\"depicter-bg\">\n<source data-depicter-srcset=\"https:\/\/restaurantedoria.es\/wp-content\/uploads\/2024\/01\/jugosa-hamburguesa-hamburguesa-o-hamburguesa-queso-dos-empanadas-carne-salsa-regodeada-espacio-negro-1-768x667.jpg, https:\/\/restaurantedoria.es\/wp-content\/uploads\/2024\/01\/jugosa-hamburguesa-hamburguesa-o-hamburguesa-queso-dos-empanadas-carne-salsa-regodeada-espacio-negro-1.jpg 2x\" srcset=\"data:image\/gif;base64,R0lGODlhAQABAIAAAAAAAP\/\/\/yH5BAEAAAAALAAAAAABAAEAAAIBRAA7\" media=\"(max-width: 1024px)\" \/>\n\n<source data-depicter-srcset=\"https:\/\/restaurantedoria.es\/wp-content\/uploads\/2024\/01\/jugosa-hamburguesa-hamburguesa-o-hamburguesa-queso-dos-empanadas-carne-salsa-regodeada-espacio-negro-1.jpg, https:\/\/restaurantedoria.es\/wp-content\/uploads\/2024\/01\/jugosa-hamburguesa-hamburguesa-o-hamburguesa-queso-dos-empanadas-carne-salsa-regodeada-espacio-negro-1-1000x667.jpg 2x\" srcset=\"data:image\/gif;base64,R0lGODlhAQABAIAAAAAAAP\/\/\/yH5BAEAAAAALAAAAAABAAEAAAIBRAA7\" media=\"(min-width: 1025px)\" \/>\n<img decoding=\"async\" src=\"data:image\/gif;base64,R0lGODlhAQABAIAAAAAAAP\/\/\/yH5BAEAAAAALAAAAAABAAEAAAIBRAA7\" alt=\"\" data-depicter-src=\"https:\/\/restaurantedoria.es\/wp-content\/uploads\/2024\/01\/jugosa-hamburguesa-hamburguesa-o-hamburguesa-queso-dos-empanadas-carne-salsa-regodeada-espacio-negro-1.jpg\" \/>\n<\/picture>\n\n\n<h2 id=\"depicter-5-element-3\" class=\"depicter-element depicter-layer depicter-5-element-3\" data-type=\"text\" data-wrap=\"true\" data-name=\"Text 1\" data-local-id=\"element-3\" data-offset=\"x:0px;y:314px;origin:tl\" data-width=\"1200px,,\" data-height=\"auto,,\" data-responsive-scale=\"true,,\">Sobre Nosotros<\/h2>\n<\/div>\n<\/div>\n<script>\n(window.depicterSetups = window.depicterSetups || []).push(function(){\n\tDepicter.basePath = 'https:\/\/restaurantedoria.es\/wp-content\/plugins\/depicter\/resources\/scripts\/player\/';\n\tconst dpPlayer = Depicter.setup('.depicter-5',\n\t\t{\"width\":[\"1200\",\"1024\",\"360\"],\"height\":[\"700\",\"700\",\"740\"],\"view\":\"basic\",\"keepAspectRatio\":true,\"preload\":0,\"layout\":\"fullwidth\",\"rtl\":false,\"initAfterAppear\":false,\"ajaxApiUrl\":\"https:\\\/\\\/restaurantedoria.es\\\/wp-admin\\\/admin-ajax.php\",\"mouseSwipe\":true,\"touchSwipe\":true,\"useWatermark\":false}\n\t);\n});\n<\/script>\t\t\t\t<\/div>\n\t\t\t\t<\/div>\n\t\t\t\t\t<\/div>\n\t\t<\/div>\n\t\t\t\t\t<\/div>\n\t\t<\/section>\n\t\t\t\t<section class=\"elementor-section elementor-top-section elementor-element elementor-element-28c3103 elementor-section-boxed elementor-section-height-default elementor-section-height-default\" data-id=\"28c3103\" data-element_type=\"section\" data-e-type=\"section\">\n\t\t\t\t\t\t<div class=\"elementor-container elementor-column-gap-default\">\n\t\t\t\t\t<div class=\"aux-parallax-section elementor-column elementor-col-100 elementor-top-column elementor-element elementor-element-f57951c\" data-id=\"f57951c\" data-element_type=\"column\" data-e-type=\"column\">\n\t\t\t<div class=\"elementor-widget-wrap elementor-element-populated\">\n\t\t\t\t\t\t<div class=\"elementor-element elementor-element-f290e4c elementor-widget elementor-widget-spacer\" data-id=\"f290e4c\" data-element_type=\"widget\" data-e-type=\"widget\" data-widget_type=\"spacer.default\">\n\t\t\t\t<div class=\"elementor-widget-container\">\n\t\t\t\t\t\t\t<div class=\"elementor-spacer\">\n\t\t\t<div class=\"elementor-spacer-inner\"><\/div>\n\t\t<\/div>\n\t\t\t\t\t\t<\/div>\n\t\t\t\t<\/div>\n\t\t\t\t\t<\/div>\n\t\t<\/div>\n\t\t\t\t\t<\/div>\n\t\t<\/section>\n\t\t\t\t<section class=\"elementor-section elementor-top-section elementor-element elementor-element-5a773a1 elementor-section-boxed elementor-section-height-default elementor-section-height-default\" data-id=\"5a773a1\" data-element_type=\"section\" data-e-type=\"section\">\n\t\t\t\t\t\t<div class=\"elementor-container elementor-column-gap-default\">\n\t\t\t\t\t<div class=\"aux-parallax-section elementor-column elementor-col-50 elementor-top-column elementor-element elementor-element-03afc37\" data-id=\"03afc37\" data-element_type=\"column\" data-e-type=\"column\">\n\t\t\t<div class=\"elementor-widget-wrap elementor-element-populated\">\n\t\t\t\t\t\t<div class=\"elementor-element elementor-element-8357182 elementor-widget elementor-widget-heading\" data-id=\"8357182\" data-element_type=\"widget\" data-e-type=\"widget\" data-widget_type=\"heading.default\">\n\t\t\t\t<div class=\"elementor-widget-container\">\n\t\t\t\t\t<h2 class=\"elementor-heading-title elementor-size-default\">Restaurante Doria<\/h2>\t\t\t\t<\/div>\n\t\t\t\t<\/div>\n\t\t\t\t<div class=\"elementor-element elementor-element-be2b415 elementor-widget elementor-widget-text-editor\" data-id=\"be2b415\" data-element_type=\"widget\" data-e-type=\"widget\" data-widget_type=\"text-editor.default\">\n\t\t\t\t<div class=\"elementor-widget-container\">\n\t\t\t\t\t\t\t\t\t<div style=\"text-align: justify;\"><p>En Restaurante Doria, llevamos la diversidad de sabores directamente a tu mesa. Somos amantes de la buena comida y nos enorgullece ofrecer una variedad irresistible, desde suculentas hamburguesas hasta aut\u00e9nticas paellas.<\/p><p>Nuestros chefs, apasionados por la calidad, seleccionan cuidadosamente ingredientes frescos para garantizar que cada platillo sea una experiencia \u00fanica. Ofrecemos un servicio de entrega y para llevar, llevando la excelencia de Restaurante Dorian a la comodidad de tu hogar.<\/p><\/div>\t\t\t\t\t\t\t\t<\/div>\n\t\t\t\t<\/div>\n\t\t\t\t\t<\/div>\n\t\t<\/div>\n\t\t\t\t<div class=\"aux-parallax-section elementor-column elementor-col-50 elementor-top-column elementor-element elementor-element-c84f657\" data-id=\"c84f657\" data-element_type=\"column\" data-e-type=\"column\">\n\t\t\t<div class=\"elementor-widget-wrap elementor-element-populated\">\n\t\t\t\t\t\t<div class=\"elementor-element elementor-element-1654583 elementor-widget elementor-widget-image\" data-id=\"1654583\" data-element_type=\"widget\" data-e-type=\"widget\" data-widget_type=\"image.default\">\n\t\t\t\t<div class=\"elementor-widget-container\">\n\t\t\t\t\t\t\t\t\t\t\t\t\t\t\t<img fetchpriority=\"high\" decoding=\"async\" width=\"1000\" height=\"667\" src=\"https:\/\/restaurantedoria.es\/wp-content\/uploads\/2024\/01\/pollo-entero-al-horno-apetitoso-naranjas-arandanos-forma-horno-cerca-1.jpg\" class=\"attachment-large size-large wp-image-292\" alt=\"\" srcset=\"https:\/\/restaurantedoria.es\/wp-content\/uploads\/2024\/01\/pollo-entero-al-horno-apetitoso-naranjas-arandanos-forma-horno-cerca-1.jpg 1000w, https:\/\/restaurantedoria.es\/wp-content\/uploads\/2024\/01\/pollo-entero-al-horno-apetitoso-naranjas-arandanos-forma-horno-cerca-1-600x400.jpg 600w, https:\/\/restaurantedoria.es\/wp-content\/uploads\/2024\/01\/pollo-entero-al-horno-apetitoso-naranjas-arandanos-forma-horno-cerca-1-200x133.jpg 200w\" sizes=\"(max-width: 1000px) 100vw, 1000px\" \/>\t\t\t\t\t\t\t\t\t\t\t\t\t\t\t<\/div>\n\t\t\t\t<\/div>\n\t\t\t\t\t<\/div>\n\t\t<\/div>\n\t\t\t\t\t<\/div>\n\t\t<\/section>\n\t\t\t\t<section class=\"elementor-section elementor-top-section elementor-element elementor-element-68f4a3b elementor-section-boxed elementor-section-height-default elementor-section-height-default\" data-id=\"68f4a3b\" data-element_type=\"section\" data-e-type=\"section\">\n\t\t\t\t\t\t<div class=\"elementor-container elementor-column-gap-default\">\n\t\t\t\t\t<div class=\"aux-parallax-section elementor-column elementor-col-50 elementor-top-column elementor-element elementor-element-5f26ddc\" data-id=\"5f26ddc\" data-element_type=\"column\" data-e-type=\"column\">\n\t\t\t<div class=\"elementor-widget-wrap elementor-element-populated\">\n\t\t\t\t\t\t<div class=\"elementor-element elementor-element-d9433b1 elementor-widget elementor-widget-image\" data-id=\"d9433b1\" data-element_type=\"widget\" data-e-type=\"widget\" data-widget_type=\"image.default\">\n\t\t\t\t<div class=\"elementor-widget-container\">\n\t\t\t\t\t\t\t\t\t\t\t\t\t\t\t<img decoding=\"async\" width=\"1000\" height=\"667\" src=\"https:\/\/restaurantedoria.es\/wp-content\/uploads\/2024\/01\/jugosa-hamburguesa-hamburguesa-o-hamburguesa-queso-dos-empanadas-carne-salsa-regodeada-espacio-negro-1.jpg\" class=\"attachment-large size-large wp-image-288\" alt=\"\" srcset=\"https:\/\/restaurantedoria.es\/wp-content\/uploads\/2024\/01\/jugosa-hamburguesa-hamburguesa-o-hamburguesa-queso-dos-empanadas-carne-salsa-regodeada-espacio-negro-1.jpg 1000w, https:\/\/restaurantedoria.es\/wp-content\/uploads\/2024\/01\/jugosa-hamburguesa-hamburguesa-o-hamburguesa-queso-dos-empanadas-carne-salsa-regodeada-espacio-negro-1-600x400.jpg 600w, https:\/\/restaurantedoria.es\/wp-content\/uploads\/2024\/01\/jugosa-hamburguesa-hamburguesa-o-hamburguesa-queso-dos-empanadas-carne-salsa-regodeada-espacio-negro-1-200x133.jpg 200w\" sizes=\"(max-width: 1000px) 100vw, 1000px\" \/>\t\t\t\t\t\t\t\t\t\t\t\t\t\t\t<\/div>\n\t\t\t\t<\/div>\n\t\t\t\t\t<\/div>\n\t\t<\/div>\n\t\t\t\t<div class=\"aux-parallax-section elementor-column elementor-col-50 elementor-top-column elementor-element elementor-element-8448f6c\" data-id=\"8448f6c\" data-element_type=\"column\" data-e-type=\"column\">\n\t\t\t<div class=\"elementor-widget-wrap elementor-element-populated\">\n\t\t\t\t\t\t<div class=\"elementor-element elementor-element-05a359a elementor-widget elementor-widget-text-editor\" data-id=\"05a359a\" data-element_type=\"widget\" data-e-type=\"widget\" data-widget_type=\"text-editor.default\">\n\t\t\t\t<div class=\"elementor-widget-container\">\n\t\t\t\t\t\t\t\t\t<div style=\"text-align: justify;\">\n<p>En Restaurante Doria, elevamos tus expectativas culinarias con platos innovadores que despiertan tus sentidos. Nos comprometemos a ofrecer la mejor calidad en cada ingrediente, cuidadosamente seleccionado para brindarte una experiencia gastron\u00f3mica \u00fanica.<\/p>\n<p>Nuestros chefs expertos han creado una selecci\u00f3n de platos listos para disfrutar en la comodidad de tu hogar. Desde las texturas m\u00e1s suaves hasta los sabores m\u00e1s audaces, cada creaci\u00f3n refleja nuestra pasi\u00f3n por la cocina excepcional.<\/p>\n<\/div>\t\t\t\t\t\t\t\t<\/div>\n\t\t\t\t<\/div>\n\t\t\t\t\t<\/div>\n\t\t<\/div>\n\t\t\t\t\t<\/div>\n\t\t<\/section>\n\t\t\t\t<section class=\"elementor-section elementor-top-section elementor-element elementor-element-3481518 elementor-section-boxed elementor-section-height-default elementor-section-height-default\" data-id=\"3481518\" data-element_type=\"section\" data-e-type=\"section\">\n\t\t\t\t\t\t<div class=\"elementor-container elementor-column-gap-default\">\n\t\t\t\t\t<div class=\"aux-parallax-section elementor-column elementor-col-100 elementor-top-column elementor-element elementor-element-3e2e801\" data-id=\"3e2e801\" data-element_type=\"column\" data-e-type=\"column\">\n\t\t\t<div class=\"elementor-widget-wrap elementor-element-populated\">\n\t\t\t\t\t\t<div class=\"elementor-element elementor-element-ce4ee56 elementor-widget elementor-widget-spacer\" data-id=\"ce4ee56\" data-element_type=\"widget\" data-e-type=\"widget\" data-widget_type=\"spacer.default\">\n\t\t\t\t<div class=\"elementor-widget-container\">\n\t\t\t\t\t\t\t<div class=\"elementor-spacer\">\n\t\t\t<div class=\"elementor-spacer-inner\"><\/div>\n\t\t<\/div>\n\t\t\t\t\t\t<\/div>\n\t\t\t\t<\/div>\n\t\t\t\t\t<\/div>\n\t\t<\/div>\n\t\t\t\t\t<\/div>\n\t\t<\/section>\n\t\t\t\t<section class=\"elementor-section elementor-top-section elementor-element elementor-element-3437f17 elementor-section-full_width elementor-section-height-min-height elementor-section-stretched elementor-section-height-default elementor-section-items-middle\" data-id=\"3437f17\" data-element_type=\"section\" data-e-type=\"section\" data-settings=\"{&quot;stretch_section&quot;:&quot;section-stretched&quot;,&quot;background_background&quot;:&quot;classic&quot;}\">\n\t\t\t\t\t\t\t<div class=\"elementor-background-overlay\"><\/div>\n\t\t\t\t\t\t\t<div class=\"elementor-container elementor-column-gap-default\">\n\t\t\t\t\t<div class=\"aux-parallax-section elementor-column elementor-col-100 elementor-top-column elementor-element elementor-element-c46f9b4\" data-id=\"c46f9b4\" data-element_type=\"column\" data-e-type=\"column\">\n\t\t\t<div class=\"elementor-widget-wrap elementor-element-populated\">\n\t\t\t\t\t\t<div class=\"elementor-element elementor-element-9b8ea3b elementor-widget elementor-widget-heading\" data-id=\"9b8ea3b\" data-element_type=\"widget\" data-e-type=\"widget\" data-widget_type=\"heading.default\">\n\t\t\t\t<div class=\"elementor-widget-container\">\n\t\t\t\t\t<h2 class=\"elementor-heading-title elementor-size-default\"><a href=\"https:\/\/restaurantedoria.es\/index.php\/contacto\/\">\u00bfTienes alguna duda? Contacta -&gt;<\/a><\/h2>\t\t\t\t<\/div>\n\t\t\t\t<\/div>\n\t\t\t\t\t<\/div>\n\t\t<\/div>\n\t\t\t\t\t<\/div>\n\t\t<\/section>\n\t\t\t\t<\/div>\n\t\t","protected":false},"excerpt":{"rendered":"<p>Sobre Nosotros Restaurante Doria En Restaurante Doria, llevamos la diversidad de sabores directamente a tu mesa. Somos amantes de la buena comida y nos enorgullece ofrecer una variedad irresistible, desde suculentas hamburguesas hasta aut\u00e9nticas paellas. Nuestros chefs, apasionados por la calidad, seleccionan cuidadosamente ingredientes frescos para garantizar que cada platillo sea una experiencia \u00fanica. Ofrecemos [&hellip;]<\/p>\n","protected":false},"author":1,"featured_media":0,"parent":0,"menu_order":0,"comment_status":"closed","ping_status":"closed","template":"","meta":{"_sitemap_exclude":false,"_sitemap_priority":"","_sitemap_frequency":"","_joinchat":[],"footnotes":""},"class_list":["post-289","page","type-page","status-publish","hentry"],"_links":{"self":[{"href":"https:\/\/restaurantedoria.es\/index.php\/wp-json\/wp\/v2\/pages\/289","targetHints":{"allow":["GET"]}}],"collection":[{"href":"https:\/\/restaurantedoria.es\/index.php\/wp-json\/wp\/v2\/pages"}],"about":[{"href":"https:\/\/restaurantedoria.es\/index.php\/wp-json\/wp\/v2\/types\/page"}],"author":[{"embeddable":true,"href":"https:\/\/restaurantedoria.es\/index.php\/wp-json\/wp\/v2\/users\/1"}],"replies":[{"embeddable":true,"href":"https:\/\/restaurantedoria.es\/index.php\/wp-json\/wp\/v2\/comments?post=289"}],"version-history":[{"count":10,"href":"https:\/\/restaurantedoria.es\/index.php\/wp-json\/wp\/v2\/pages\/289\/revisions"}],"predecessor-version":[{"id":345,"href":"https:\/\/restaurantedoria.es\/index.php\/wp-json\/wp\/v2\/pages\/289\/revisions\/345"}],"wp:attachment":[{"href":"https:\/\/restaurantedoria.es\/index.php\/wp-json\/wp\/v2\/media?parent=289"}],"curies":[{"name":"wp","href":"https:\/\/api.w.org\/{rel}","templated":true}]}}